{"id":69,"date":"2017-09-06T14:06:56","date_gmt":"2017-09-06T14:06:56","guid":{"rendered":"http:\/\/www.cristianlopez.cl\/nethelp2\/?page_id=69"},"modified":"2020-08-26T17:22:16","modified_gmt":"2020-08-26T21:22:16","slug":"softland-2","status":"publish","type":"page","link":"https:\/\/www.nethelp.cl\/?page_id=69","title":{"rendered":"Productos"},"content":{"rendered":"<h2><span style=\"color: #808080;\"><strong><img loading=\"lazy\" decoding=\"async\" class=\"alignnone size-medium wp-image-67\" src=\"http:\/\/www.nethelp.cl\/wp-content\/uploads\/2017\/09\/softland-1-300x64.png\" alt=\"\" width=\"300\" height=\"64\" srcset=\"https:\/\/www.nethelp.cl\/wp-content\/uploads\/2017\/09\/softland-1-300x64.png 300w, https:\/\/www.nethelp.cl\/wp-content\/uploads\/2017\/09\/softland-1.png 400w\" sizes=\"(max-width: 300px) 100vw, 300px\" \/><\/strong><\/span><\/h2>\n<h2><span style=\"color: #808080;\"><strong>Gesti\u00f3n Comercial y Punto de Venta<\/strong><\/span><\/h2>\n<h3><span style=\"color: #808080;\">Un software que aumentar\u00e1 su rentabilidad<\/span><\/h3>\n<ul>\n<li><span style=\"color: #808080;\"><strong>Interfaces<\/strong> <strong>Puntos de Venta<\/strong>\u00a0&#8211; Transferencia de ventas desde distintos software hacia contabilidad &#8211; Softland<\/span><\/li>\n<li><span style=\"color: #808080;\"><strong>Inventario<\/strong>\u00a0&#8211; Carro de compra web, cargando inventario desde Softland. Picking de bodega. hoja de ruta<\/span><\/li>\n<li><span style=\"color: #808080;\"><strong>Facturaci\u00f3n<\/strong> &#8211;\u00a0Interfaces que permiten desde cualquier sistema productivo traspasar informaci\u00f3n a facturaci\u00f3n Softland, ya sea como gu\u00eda por facturar o factura.<\/span><\/li>\n<li><span style=\"color: #808080;\"><strong>Control de Arriendo SAE<\/strong> &#8211;\u00a0Sistema de arriendo, permite el c\u00e1lculo de arriendo de productos y servicios en un rango de fecha, funci\u00f3n que no es factible de hacer con Softland.<\/span><\/li>\n<li><span style=\"color: #808080;\"><span style=\"color: #808080;\"><strong>Cobranzas<\/strong> &#8211;\u00a0Sistema web (php) para la realizaci\u00f3n de la cobranza permitiendo asignar cartera a cobradores para que registren los hitos, env\u00edo de mail y facturas electr\u00f3nicas en formato PDF<\/span><\/span><\/li>\n<\/ul>\n<p><img loading=\"lazy\" decoding=\"async\" class=\"alignnone size-medium wp-image-101\" src=\"http:\/\/www.nethelp.cl\/wp-content\/uploads\/2017\/09\/softland1-1-300x281.png\" alt=\"\" width=\"300\" height=\"281\" srcset=\"https:\/\/www.nethelp.cl\/wp-content\/uploads\/2017\/09\/softland1-1-300x281.png 300w, https:\/\/www.nethelp.cl\/wp-content\/uploads\/2017\/09\/softland1-1.png 558w\" sizes=\"(max-width: 300px) 100vw, 300px\" \/> <img loading=\"lazy\" decoding=\"async\" class=\"alignnone size-medium wp-image-102\" src=\"http:\/\/www.nethelp.cl\/wp-content\/uploads\/2017\/09\/softland2-300x281.png\" alt=\"\" width=\"300\" height=\"281\" srcset=\"https:\/\/www.nethelp.cl\/wp-content\/uploads\/2017\/09\/softland2-300x281.png 300w, https:\/\/www.nethelp.cl\/wp-content\/uploads\/2017\/09\/softland2.png 558w\" sizes=\"(max-width: 300px) 100vw, 300px\" \/><\/p>\n<hr \/>\n<h2>\u00a0<img loading=\"lazy\" decoding=\"async\" class=\"alignnone size-medium wp-image-225\" src=\"http:\/\/www.nethelp.cl\/wp-content\/uploads\/2017\/09\/microsoft-1-300x71.png\" alt=\"\" width=\"300\" height=\"71\" srcset=\"https:\/\/www.nethelp.cl\/wp-content\/uploads\/2017\/09\/microsoft-1-300x71.png 300w, https:\/\/www.nethelp.cl\/wp-content\/uploads\/2017\/09\/microsoft-1-768x182.png 768w, https:\/\/www.nethelp.cl\/wp-content\/uploads\/2017\/09\/microsoft-1.png 960w\" sizes=\"(max-width: 300px) 100vw, 300px\" \/><\/h2>\n<h3><span style=\"color: #808080;\">Virtualizaci\u00f3n<\/span><\/h3>\n<h3><span style=\"color: #808080;\">Arquitectura de Redes<\/span><\/h3>\n<ul>\n<li><span style=\"color: #808080;\"><b>Exchange<\/b> &#8211; Instalaci\u00f3n y servicios de correo<\/span><\/li>\n<\/ul>\n<hr \/>\n<h2><span style=\"color: #808080;\"><strong><span class=\"Estilo34\"><img loading=\"lazy\" decoding=\"async\" class=\"alignnone wp-image-227 size-medium\" title=\"kav1\" src=\"http:\/\/www.nethelp.cl\/wp-content\/uploads\/2017\/09\/kaspersky_1-300x73.png\" alt=\"KAV\" width=\"300\" height=\"73\" srcset=\"https:\/\/www.nethelp.cl\/wp-content\/uploads\/2017\/09\/kaspersky_1-300x73.png 300w, https:\/\/www.nethelp.cl\/wp-content\/uploads\/2017\/09\/kaspersky_1-768x187.png 768w, https:\/\/www.nethelp.cl\/wp-content\/uploads\/2017\/09\/kaspersky_1-1024x249.png 1024w, https:\/\/www.nethelp.cl\/wp-content\/uploads\/2017\/09\/kaspersky_1.png 1244w\" sizes=\"(max-width: 300px) 100vw, 300px\" \/><\/span><\/strong><\/span><\/h2>\n<h3><span style=\"color: #808080;\"><strong><span class=\"Estilo34\">KASPERSKY Antivirus<\/span><\/strong><\/span><\/h3>\n<h3><span style=\"color: #808080;\"><strong>Segmento<\/strong>\u00a0&#8211; Pyme<\/span><\/h3>\n<ul>\n<li><span style=\"color: #808080;\"><strong>Producto<\/strong>\u00a0&#8211; KASPERSKY ENDPOINT SECURITY FOR BUSINESS Core (mayor a 10 usuarios)<\/span><\/li>\n<li><span style=\"color: #808080;\"><strong>Descripcion Breve<\/strong>\u00a0&#8211; *Antimalware para equipos de escritorio Windows, Linux y Mac.* Una \u00fanica consola de administraci\u00f3n le proporciona un control centralizado<\/span><\/li>\n<li><span style=\"color: #808080;\"><strong>Beneficios<\/strong>\u00a0&#8211; Ofrece protecci\u00f3n m\u00e1s profunda contra el complejo malware de hoy en d\u00eda. Reduce el tiempo de implementaci\u00f3n y centraliza la gesti\u00f3n. Le permite ampliar su seguridad, sin tener que comenzar de nuevo.<\/span><\/li>\n<li><span style=\"color: #808080;\"><strong>Caracteristicas<\/strong>\u00a0&#8211; La soluci\u00f3n de seguridad que detecta y bloquea m\u00e1s amenazas\u2026 mientras le ahorra tiempo y reduce la complejidad de la administraci\u00f3n de seguridad de TI<\/span><\/li>\n<\/ul>\n<p><img loading=\"lazy\" decoding=\"async\" class=\"alignnone size-medium wp-image-215\" src=\"http:\/\/www.nethelp.cl\/wp-content\/uploads\/2017\/09\/kaspersky-endpoint-security-for-business-select-300x300.jpg\" alt=\"\" width=\"300\" height=\"300\" srcset=\"https:\/\/www.nethelp.cl\/wp-content\/uploads\/2017\/09\/kaspersky-endpoint-security-for-business-select-300x300.jpg 300w, https:\/\/www.nethelp.cl\/wp-content\/uploads\/2017\/09\/kaspersky-endpoint-security-for-business-select-150x150.jpg 150w, https:\/\/www.nethelp.cl\/wp-content\/uploads\/2017\/09\/kaspersky-endpoint-security-for-business-select.jpg 500w\" sizes=\"(max-width: 300px) 100vw, 300px\" \/><\/p>\n","protected":false},"excerpt":{"rendered":"<p>Gesti\u00f3n Comercial y Punto de Venta Un software que aumentar\u00e1 su rentabilidad Interfaces Puntos de Venta\u00a0&#8211; Transferencia de ventas desde distintos software hacia contabilidad &#8211; Softland Inventario\u00a0&#8211; Carro de compra web, cargando inventario desde Softland. Picking de bodega. hoja de ruta Facturaci\u00f3n &#8211;\u00a0Interfaces que permiten desde cualquier sistema productivo traspasar informaci\u00f3n a facturaci\u00f3n Softland, ya [&hellip;]<\/p>\n","protected":false},"author":1,"featured_media":0,"parent":0,"menu_order":0,"comment_status":"closed","ping_status":"closed","template":"","meta":{"footnotes":""},"_links":{"self":[{"href":"https:\/\/www.nethelp.cl\/index.php?rest_route=\/wp\/v2\/pages\/69"}],"collection":[{"href":"https:\/\/www.nethelp.cl\/index.php?rest_route=\/wp\/v2\/pages"}],"about":[{"href":"https:\/\/www.nethelp.cl\/index.php?rest_route=\/wp\/v2\/types\/page"}],"author":[{"embeddable":true,"href":"https:\/\/www.nethelp.cl\/index.php?rest_route=\/wp\/v2\/users\/1"}],"replies":[{"embeddable":true,"href":"https:\/\/www.nethelp.cl\/index.php?rest_route=%2Fwp%2Fv2%2Fcomments&post=69"}],"version-history":[{"count":59,"href":"https:\/\/www.nethelp.cl\/index.php?rest_route=\/wp\/v2\/pages\/69\/revisions"}],"predecessor-version":[{"id":411,"href":"https:\/\/www.nethelp.cl\/index.php?rest_route=\/wp\/v2\/pages\/69\/revisions\/411"}],"wp:attachment":[{"href":"https:\/\/www.nethelp.cl\/index.php?rest_route=%2Fwp%2Fv2%2Fmedia&parent=69"}],"curies":[{"name":"wp","href":"https:\/\/api.w.org\/{rel}","templated":true}]}}