{"id":28,"date":"2017-09-03T16:12:35","date_gmt":"2017-09-03T16:12:35","guid":{"rendered":"http:\/\/www.cristianlopez.cl\/nethelp2\/?page_id=28"},"modified":"2017-09-27T18:28:46","modified_gmt":"2017-09-27T18:28:46","slug":"transportes","status":"publish","type":"page","link":"https:\/\/www.nethelp.cl\/?page_id=28","title":{"rendered":"Transportes"},"content":{"rendered":"<h2><span style=\"color: #808080;\">Sector Transportes<\/span><\/h2>\n<p><span style=\"color: #808080;\">El \u00e1rea de transporte de carga terrestre, ha experimentado un gran crecimiento en la actividad, la distribuci\u00f3n geogr\u00e1fica de las cadenas de valor de las compa\u00f1\u00edas, la log\u00edstica de sus procesos, motivada por la expansi\u00f3n del mercado y la imperante necesidad de mejorar la eficiencia operativa, requieren dise\u00f1ar modelos de transporte eficientes y grandes inversiones en infraestructura. Es por eso que nuestro compromiso es agregar valor a la industria del Transporte, con servicios integrales y personalizados.<\/span><\/p>\n<p style=\"text-align: center;\"><div id=\"metaslider-id-266\" style=\"max-width: 700px; margin: 0 auto;\" class=\"ml-slider-3-104-0 metaslider metaslider-flex metaslider-266 ml-slider ms-theme-default nav-hidden\" role=\"region\" aria-label=\"Nuevo pase\" data-height=\"350\" data-width=\"700\">\n    <div id=\"metaslider_container_266\">\n        <div id=\"metaslider_266\">\n            <ul class='slides'>\n                <li style=\"display: block; width: 100%;\" class=\"slide-267 ms-image \" aria-roledescription=\"slide\" data-date=\"2017-09-26 21:51:31\" data-filename=\"informes-kpi-1-700x350.jpg\" data-slide-type=\"image\"><img loading=\"lazy\" decoding=\"async\" src=\"https:\/\/www.nethelp.cl\/wp-content\/uploads\/2017\/09\/informes-kpi-1-700x350.jpg\" height=\"350\" width=\"700\" alt=\"\" class=\"slider-266 slide-267 msDefaultImage\" \/><div class=\"caption-wrap\"><div class=\"caption\">Informes KPI<\/div><\/div><\/li>\n                <li style=\"display: none; width: 100%;\" class=\"slide-268 ms-image \" aria-roledescription=\"slide\" data-date=\"2017-09-26 21:51:31\" data-filename=\"informes-de-eficiencia-1-700x350.jpg\" data-slide-type=\"image\"><img loading=\"lazy\" decoding=\"async\" src=\"https:\/\/www.nethelp.cl\/wp-content\/uploads\/2017\/09\/informes-de-eficiencia-1-700x350.jpg\" height=\"350\" width=\"700\" alt=\"\" class=\"slider-266 slide-268 msDefaultImage\" \/><div class=\"caption-wrap\"><div class=\"caption\">Informes de Eficiencia<\/div><\/div><\/li>\n                <li style=\"display: none; width: 100%;\" class=\"slide-269 ms-image \" aria-roledescription=\"slide\" data-date=\"2017-09-26 21:51:31\" data-filename=\"equipos-detenidos-30-minutos-1-700x350.jpg\" data-slide-type=\"image\"><img loading=\"lazy\" decoding=\"async\" src=\"https:\/\/www.nethelp.cl\/wp-content\/uploads\/2017\/09\/equipos-detenidos-30-minutos-1-700x350.jpg\" height=\"350\" width=\"700\" alt=\"\" class=\"slider-266 slide-269 msDefaultImage\" \/><div class=\"caption-wrap\"><div class=\"caption\">Equipos Detenidos 30 Minutos<\/div><\/div><\/li>\n                <li style=\"display: none; width: 100%;\" class=\"slide-270 ms-image \" aria-roledescription=\"slide\" data-date=\"2017-09-26 21:51:31\" data-filename=\"control-de-trafico-1-700x350.jpg\" data-slide-type=\"image\"><img loading=\"lazy\" decoding=\"async\" src=\"https:\/\/www.nethelp.cl\/wp-content\/uploads\/2017\/09\/control-de-trafico-1-700x350.jpg\" height=\"350\" width=\"700\" alt=\"\" class=\"slider-266 slide-270 msDefaultImage\" \/><div class=\"caption-wrap\"><div class=\"caption\">Control de Tr\u00e1fico<\/div><\/div><\/li>\n                <li style=\"display: none; width: 100%;\" class=\"slide-271 ms-image \" aria-roledescription=\"slide\" data-date=\"2017-09-26 21:51:31\" data-filename=\"control-de-ordenes-de-compra-1-700x350.jpg\" data-slide-type=\"image\"><img loading=\"lazy\" decoding=\"async\" src=\"https:\/\/www.nethelp.cl\/wp-content\/uploads\/2017\/09\/control-de-ordenes-de-compra-1-700x350.jpg\" height=\"350\" width=\"700\" alt=\"\" class=\"slider-266 slide-271 msDefaultImage\" \/><div class=\"caption-wrap\"><div class=\"caption\">Control de Ordenes de Compra<\/div><\/div><\/li>\n                <li style=\"display: none; width: 100%;\" class=\"slide-272 ms-image \" aria-roledescription=\"slide\" data-date=\"2017-09-26 21:51:31\" data-filename=\"control-de-alcotest-1-700x350.jpg\" data-slide-type=\"image\"><img loading=\"lazy\" decoding=\"async\" src=\"https:\/\/www.nethelp.cl\/wp-content\/uploads\/2017\/09\/control-de-alcotest-1-700x350.jpg\" height=\"350\" width=\"700\" alt=\"\" class=\"slider-266 slide-272 msDefaultImage\" \/><div class=\"caption-wrap\"><div class=\"caption\">Control de Alcotest<\/div><\/div><\/li>\n                <li style=\"display: none; width: 100%;\" class=\"slide-273 ms-image \" aria-roledescription=\"slide\" data-date=\"2017-09-26 21:51:31\" data-filename=\"control-biometrico-1-700x350.jpg\" data-slide-type=\"image\"><img loading=\"lazy\" decoding=\"async\" src=\"https:\/\/www.nethelp.cl\/wp-content\/uploads\/2017\/09\/control-biometrico-1-700x350.jpg\" height=\"350\" width=\"700\" alt=\"\" class=\"slider-266 slide-273 msDefaultImage\" \/><div class=\"caption-wrap\"><div class=\"caption\">Control Biom\u00e9trico<\/div><\/div><\/li>\n            <\/ul>\n        <\/div>\n        \n    <\/div>\n<\/div>\n","protected":false},"excerpt":{"rendered":"<p>Sector Transportes El \u00e1rea de transporte de carga terrestre, ha experimentado un gran crecimiento en la actividad, la distribuci\u00f3n geogr\u00e1fica de las cadenas de valor de las compa\u00f1\u00edas, la log\u00edstica de sus procesos, motivada por la expansi\u00f3n del mercado y la imperante necesidad de mejorar la eficiencia operativa, requieren dise\u00f1ar modelos de transporte eficientes y [&hellip;]<\/p>\n","protected":false},"author":1,"featured_media":0,"parent":0,"menu_order":0,"comment_status":"closed","ping_status":"closed","template":"","meta":{"footnotes":""},"_links":{"self":[{"href":"https:\/\/www.nethelp.cl\/index.php?rest_route=\/wp\/v2\/pages\/28"}],"collection":[{"href":"https:\/\/www.nethelp.cl\/index.php?rest_route=\/wp\/v2\/pages"}],"about":[{"href":"https:\/\/www.nethelp.cl\/index.php?rest_route=\/wp\/v2\/types\/page"}],"author":[{"embeddable":true,"href":"https:\/\/www.nethelp.cl\/index.php?rest_route=\/wp\/v2\/users\/1"}],"replies":[{"embeddable":true,"href":"https:\/\/www.nethelp.cl\/index.php?rest_route=%2Fwp%2Fv2%2Fcomments&post=28"}],"version-history":[{"count":60,"href":"https:\/\/www.nethelp.cl\/index.php?rest_route=\/wp\/v2\/pages\/28\/revisions"}],"predecessor-version":[{"id":286,"href":"https:\/\/www.nethelp.cl\/index.php?rest_route=\/wp\/v2\/pages\/28\/revisions\/286"}],"wp:attachment":[{"href":"https:\/\/www.nethelp.cl\/index.php?rest_route=%2Fwp%2Fv2%2Fmedia&parent=28"}],"curies":[{"name":"wp","href":"https:\/\/api.w.org\/{rel}","templated":true}]}}