{"id":254,"date":"2017-09-16T16:31:42","date_gmt":"2017-09-16T16:31:42","guid":{"rendered":"http:\/\/www.cristianlopez.cl\/nethelp2\/?page_id=254"},"modified":"2018-11-10T12:05:09","modified_gmt":"2018-11-10T16:05:09","slug":"control-acceso-y-seguridad","status":"publish","type":"page","link":"https:\/\/www.nethelp.cl\/?page_id=254","title":{"rendered":"Control acceso y seguridad"},"content":{"rendered":"<h2><img loading=\"lazy\" decoding=\"async\" class=\"size-medium wp-image-59 alignleft\" src=\"http:\/\/www.nethelp.cl\/wp-content\/uploads\/2017\/09\/biometrico_Capa-1-300x300.jpg\" alt=\"\" width=\"300\" height=\"300\" srcset=\"https:\/\/www.nethelp.cl\/wp-content\/uploads\/2017\/09\/biometrico_Capa-1-300x300.jpg 300w, https:\/\/www.nethelp.cl\/wp-content\/uploads\/2017\/09\/biometrico_Capa-1-150x150.jpg 150w, https:\/\/www.nethelp.cl\/wp-content\/uploads\/2017\/09\/biometrico_Capa-1.jpg 600w\" sizes=\"(max-width: 300px) 100vw, 300px\" \/><span style=\"color: #808080;\"><strong>Sector Control acceso y seguridad<\/strong><\/span><\/h2>\n<p><span style=\"color: #808080;\">Nuestra empresa brinda soluciones orientadas al control de acceso y seguridad. Sistemas de Credenciales con fotograf\u00eda digital que permiten controlar el acceso a \u00e1reas restringidas, evitando que personas no autorizadas tengan acceso a un determinado lugar, al igual que la biometr\u00eda, estas tecnolog\u00edas son incorporados a los sistemas de control de acceso, teniendo en cuenta adem\u00e1s las necesidades de seguridad y consideraciones pr\u00e1cticas. Un sistema de control de acceso f\u00e1cil y rentable proporciona a usted la seguridad necesaria, as\u00ed como de numerosos otros beneficios.<\/span><\/p>\n<p><span style=\"color: #808080;\">Pantallas de Ejemplos<\/span><\/p>\n<div id='gallery-1' class='gallery galleryid-254 gallery-columns-8 gallery-size-large'><figure class='gallery-item'>\n\t\t\t<div class='gallery-icon landscape'>\n\t\t\t\t<a href='https:\/\/www.nethelp.cl\/wp-content\/uploads\/2017\/09\/1.jpg'><img loading=\"lazy\" decoding=\"async\" width=\"399\" height=\"318\" src=\"https:\/\/www.nethelp.cl\/wp-content\/uploads\/2017\/09\/1.jpg\" class=\"attachment-large size-large\" alt=\"\" srcset=\"https:\/\/www.nethelp.cl\/wp-content\/uploads\/2017\/09\/1.jpg 399w, https:\/\/www.nethelp.cl\/wp-content\/uploads\/2017\/09\/1-300x239.jpg 300w\" sizes=\"(max-width: 399px) 100vw, 399px\" \/><\/a>\n\t\t\t<\/div><\/figure><figure class='gallery-item'>\n\t\t\t<div class='gallery-icon landscape'>\n\t\t\t\t<a href='https:\/\/www.nethelp.cl\/wp-content\/uploads\/2017\/09\/2.jpg'><img loading=\"lazy\" decoding=\"async\" width=\"399\" height=\"290\" src=\"https:\/\/www.nethelp.cl\/wp-content\/uploads\/2017\/09\/2.jpg\" class=\"attachment-large size-large\" alt=\"\" srcset=\"https:\/\/www.nethelp.cl\/wp-content\/uploads\/2017\/09\/2.jpg 399w, https:\/\/www.nethelp.cl\/wp-content\/uploads\/2017\/09\/2-300x218.jpg 300w\" sizes=\"(max-width: 399px) 100vw, 399px\" \/><\/a>\n\t\t\t<\/div><\/figure><figure class='gallery-item'>\n\t\t\t<div class='gallery-icon landscape'>\n\t\t\t\t<a href='https:\/\/www.nethelp.cl\/wp-content\/uploads\/2017\/09\/3-copy.jpg'><img loading=\"lazy\" decoding=\"async\" width=\"401\" height=\"315\" src=\"https:\/\/www.nethelp.cl\/wp-content\/uploads\/2017\/09\/3-copy.jpg\" class=\"attachment-large size-large\" alt=\"\" srcset=\"https:\/\/www.nethelp.cl\/wp-content\/uploads\/2017\/09\/3-copy.jpg 401w, https:\/\/www.nethelp.cl\/wp-content\/uploads\/2017\/09\/3-copy-300x236.jpg 300w\" sizes=\"(max-width: 401px) 100vw, 401px\" \/><\/a>\n\t\t\t<\/div><\/figure><figure class='gallery-item'>\n\t\t\t<div class='gallery-icon landscape'>\n\t\t\t\t<a href='https:\/\/www.nethelp.cl\/wp-content\/uploads\/2017\/09\/4.jpg'><img loading=\"lazy\" decoding=\"async\" width=\"450\" height=\"134\" src=\"https:\/\/www.nethelp.cl\/wp-content\/uploads\/2017\/09\/4.jpg\" class=\"attachment-large size-large\" alt=\"\" srcset=\"https:\/\/www.nethelp.cl\/wp-content\/uploads\/2017\/09\/4.jpg 450w, https:\/\/www.nethelp.cl\/wp-content\/uploads\/2017\/09\/4-300x89.jpg 300w\" sizes=\"(max-width: 450px) 100vw, 450px\" \/><\/a>\n\t\t\t<\/div><\/figure><figure class='gallery-item'>\n\t\t\t<div class='gallery-icon landscape'>\n\t\t\t\t<a href='https:\/\/www.nethelp.cl\/wp-content\/uploads\/2017\/09\/5.jpg'><img loading=\"lazy\" decoding=\"async\" width=\"398\" height=\"299\" src=\"https:\/\/www.nethelp.cl\/wp-content\/uploads\/2017\/09\/5.jpg\" class=\"attachment-large size-large\" alt=\"\" srcset=\"https:\/\/www.nethelp.cl\/wp-content\/uploads\/2017\/09\/5.jpg 398w, https:\/\/www.nethelp.cl\/wp-content\/uploads\/2017\/09\/5-300x225.jpg 300w\" sizes=\"(max-width: 398px) 100vw, 398px\" \/><\/a>\n\t\t\t<\/div><\/figure>\n\t\t<\/div>\n\n","protected":false},"excerpt":{"rendered":"<p>Sector Control acceso y seguridad Nuestra empresa brinda soluciones orientadas al control de acceso y seguridad. Sistemas de Credenciales con fotograf\u00eda digital que permiten controlar el acceso a \u00e1reas restringidas, evitando que personas no autorizadas tengan acceso a un determinado lugar, al igual que la biometr\u00eda, estas tecnolog\u00edas son incorporados a los sistemas de control [&hellip;]<\/p>\n","protected":false},"author":1,"featured_media":0,"parent":0,"menu_order":0,"comment_status":"closed","ping_status":"closed","template":"","meta":{"footnotes":""},"_links":{"self":[{"href":"https:\/\/www.nethelp.cl\/index.php?rest_route=\/wp\/v2\/pages\/254"}],"collection":[{"href":"https:\/\/www.nethelp.cl\/index.php?rest_route=\/wp\/v2\/pages"}],"about":[{"href":"https:\/\/www.nethelp.cl\/index.php?rest_route=\/wp\/v2\/types\/page"}],"author":[{"embeddable":true,"href":"https:\/\/www.nethelp.cl\/index.php?rest_route=\/wp\/v2\/users\/1"}],"replies":[{"embeddable":true,"href":"https:\/\/www.nethelp.cl\/index.php?rest_route=%2Fwp%2Fv2%2Fcomments&post=254"}],"version-history":[{"count":5,"href":"https:\/\/www.nethelp.cl\/index.php?rest_route=\/wp\/v2\/pages\/254\/revisions"}],"predecessor-version":[{"id":362,"href":"https:\/\/www.nethelp.cl\/index.php?rest_route=\/wp\/v2\/pages\/254\/revisions\/362"}],"wp:attachment":[{"href":"https:\/\/www.nethelp.cl\/index.php?rest_route=%2Fwp%2Fv2%2Fmedia&parent=254"}],"curies":[{"name":"wp","href":"https:\/\/api.w.org\/{rel}","templated":true}]}}