{"id":230,"date":"2017-09-16T14:21:37","date_gmt":"2017-09-16T14:21:37","guid":{"rendered":"http:\/\/www.cristianlopez.cl\/nethelp2\/?page_id=230"},"modified":"2018-11-10T12:01:09","modified_gmt":"2018-11-10T16:01:09","slug":"logistica","status":"publish","type":"page","link":"https:\/\/www.nethelp.cl\/?page_id=230","title":{"rendered":"Log\u00edstica"},"content":{"rendered":"<h2><img loading=\"lazy\" decoding=\"async\" class=\"size-medium wp-image-58 alignleft\" src=\"http:\/\/www.nethelp.cl\/wp-content\/uploads\/2017\/09\/logistica1_Capa-1-300x300.jpg\" alt=\"\" width=\"300\" height=\"300\" srcset=\"https:\/\/www.nethelp.cl\/wp-content\/uploads\/2017\/09\/logistica1_Capa-1-300x300.jpg 300w, https:\/\/www.nethelp.cl\/wp-content\/uploads\/2017\/09\/logistica1_Capa-1-150x150.jpg 150w, https:\/\/www.nethelp.cl\/wp-content\/uploads\/2017\/09\/logistica1_Capa-1.jpg 600w\" sizes=\"(max-width: 300px) 100vw, 300px\" \/><span style=\"color: #808080;\">Sector Log\u00edstica<\/span><\/h2>\n<p><span style=\"color: #808080;\">NetHelp ofrece en el \u00e1mbito de la log\u00edstica soluciones para la planificaci\u00f3n, implementaci\u00f3n y control de flujo de la cadena de suministros, brindando un almacenamiento eficaz y eficiente de los bienes y servicios, otorgando adem\u00e1s informaci\u00f3n acerca de la trazabilidad de los productos. Nuestro objetivo principal es ayudar a colocar los bienes en el lugar adecuado, contribuyendo lo m\u00e1ximo posible a la rentabilidad de nuestros clientes.<\/span><\/p>\n<p><span style=\"color: #808080;\">Pantallas de Ejemplos<\/span><\/p>\n<div id='gallery-1' class='gallery galleryid-230 gallery-columns-8 gallery-size-large'><figure class='gallery-item'>\n\t\t\t<div class='gallery-icon landscape'>\n\t\t\t\t<a href='https:\/\/www.nethelp.cl\/wp-content\/uploads\/2017\/09\/gaoc_v2.jpg'><img loading=\"lazy\" decoding=\"async\" width=\"1000\" height=\"568\" src=\"https:\/\/www.nethelp.cl\/wp-content\/uploads\/2017\/09\/gaoc_v2.jpg\" class=\"attachment-large size-large\" alt=\"\" aria-describedby=\"gallery-1-240\" srcset=\"https:\/\/www.nethelp.cl\/wp-content\/uploads\/2017\/09\/gaoc_v2.jpg 1000w, https:\/\/www.nethelp.cl\/wp-content\/uploads\/2017\/09\/gaoc_v2-300x170.jpg 300w, https:\/\/www.nethelp.cl\/wp-content\/uploads\/2017\/09\/gaoc_v2-768x436.jpg 768w\" sizes=\"(max-width: 1000px) 100vw, 1000px\" \/><\/a>\n\t\t\t<\/div>\n\t\t\t\t<figcaption class='wp-caption-text gallery-caption' id='gallery-1-240'>\n\t\t\t\tSistema GAOC\n\t\t\t\t<\/figcaption><\/figure><figure class='gallery-item'>\n\t\t\t<div class='gallery-icon landscape'>\n\t\t\t\t<a href='https:\/\/www.nethelp.cl\/wp-content\/uploads\/2017\/09\/sistema-gaoc.jpg'><img loading=\"lazy\" decoding=\"async\" width=\"1000\" height=\"437\" src=\"https:\/\/www.nethelp.cl\/wp-content\/uploads\/2017\/09\/sistema-gaoc.jpg\" class=\"attachment-large size-large\" alt=\"\" aria-describedby=\"gallery-1-247\" srcset=\"https:\/\/www.nethelp.cl\/wp-content\/uploads\/2017\/09\/sistema-gaoc.jpg 1000w, https:\/\/www.nethelp.cl\/wp-content\/uploads\/2017\/09\/sistema-gaoc-300x131.jpg 300w, https:\/\/www.nethelp.cl\/wp-content\/uploads\/2017\/09\/sistema-gaoc-768x336.jpg 768w\" sizes=\"(max-width: 1000px) 100vw, 1000px\" \/><\/a>\n\t\t\t<\/div>\n\t\t\t\t<figcaption class='wp-caption-text gallery-caption' id='gallery-1-247'>\n\t\t\t\tSistema GAOC\n\t\t\t\t<\/figcaption><\/figure><figure class='gallery-item'>\n\t\t\t<div class='gallery-icon landscape'>\n\t\t\t\t<a href='https:\/\/www.nethelp.cl\/wp-content\/uploads\/2017\/09\/logistica-gaoc2.jpg'><img loading=\"lazy\" decoding=\"async\" width=\"825\" height=\"577\" src=\"https:\/\/www.nethelp.cl\/wp-content\/uploads\/2017\/09\/logistica-gaoc2.jpg\" class=\"attachment-large size-large\" alt=\"\" aria-describedby=\"gallery-1-241\" srcset=\"https:\/\/www.nethelp.cl\/wp-content\/uploads\/2017\/09\/logistica-gaoc2.jpg 825w, https:\/\/www.nethelp.cl\/wp-content\/uploads\/2017\/09\/logistica-gaoc2-300x210.jpg 300w, https:\/\/www.nethelp.cl\/wp-content\/uploads\/2017\/09\/logistica-gaoc2-768x537.jpg 768w\" sizes=\"(max-width: 825px) 100vw, 825px\" \/><\/a>\n\t\t\t<\/div>\n\t\t\t\t<figcaption class='wp-caption-text gallery-caption' id='gallery-1-241'>\n\t\t\t\tSistema GAOC\n\t\t\t\t<\/figcaption><\/figure><figure class='gallery-item'>\n\t\t\t<div class='gallery-icon landscape'>\n\t\t\t\t<a href='https:\/\/www.nethelp.cl\/wp-content\/uploads\/2017\/09\/logistica-gaoc3.jpg'><img loading=\"lazy\" decoding=\"async\" width=\"906\" height=\"529\" src=\"https:\/\/www.nethelp.cl\/wp-content\/uploads\/2017\/09\/logistica-gaoc3.jpg\" class=\"attachment-large size-large\" alt=\"\" aria-describedby=\"gallery-1-242\" srcset=\"https:\/\/www.nethelp.cl\/wp-content\/uploads\/2017\/09\/logistica-gaoc3.jpg 906w, https:\/\/www.nethelp.cl\/wp-content\/uploads\/2017\/09\/logistica-gaoc3-300x175.jpg 300w, https:\/\/www.nethelp.cl\/wp-content\/uploads\/2017\/09\/logistica-gaoc3-768x448.jpg 768w\" sizes=\"(max-width: 906px) 100vw, 906px\" \/><\/a>\n\t\t\t<\/div>\n\t\t\t\t<figcaption class='wp-caption-text gallery-caption' id='gallery-1-242'>\n\t\t\t\tSistema GAOC\n\t\t\t\t<\/figcaption><\/figure><figure class='gallery-item'>\n\t\t\t<div class='gallery-icon landscape'>\n\t\t\t\t<a href='https:\/\/www.nethelp.cl\/wp-content\/uploads\/2017\/09\/sat.jpg'><img loading=\"lazy\" decoding=\"async\" width=\"1000\" height=\"639\" src=\"https:\/\/www.nethelp.cl\/wp-content\/uploads\/2017\/09\/sat.jpg\" class=\"attachment-large size-large\" alt=\"\" aria-describedby=\"gallery-1-246\" srcset=\"https:\/\/www.nethelp.cl\/wp-content\/uploads\/2017\/09\/sat.jpg 1000w, https:\/\/www.nethelp.cl\/wp-content\/uploads\/2017\/09\/sat-300x192.jpg 300w, https:\/\/www.nethelp.cl\/wp-content\/uploads\/2017\/09\/sat-768x491.jpg 768w\" sizes=\"(max-width: 1000px) 100vw, 1000px\" \/><\/a>\n\t\t\t<\/div>\n\t\t\t\t<figcaption class='wp-caption-text gallery-caption' id='gallery-1-246'>\n\t\t\t\tLog\u00edstica Sat\n\t\t\t\t<\/figcaption><\/figure><figure class='gallery-item'>\n\t\t\t<div class='gallery-icon landscape'>\n\t\t\t\t<a href='https:\/\/www.nethelp.cl\/wp-content\/uploads\/2017\/09\/logistica-sat.jpg'><img loading=\"lazy\" decoding=\"async\" width=\"931\" height=\"516\" src=\"https:\/\/www.nethelp.cl\/wp-content\/uploads\/2017\/09\/logistica-sat.jpg\" class=\"attachment-large size-large\" alt=\"\" aria-describedby=\"gallery-1-245\" srcset=\"https:\/\/www.nethelp.cl\/wp-content\/uploads\/2017\/09\/logistica-sat.jpg 931w, https:\/\/www.nethelp.cl\/wp-content\/uploads\/2017\/09\/logistica-sat-300x166.jpg 300w, https:\/\/www.nethelp.cl\/wp-content\/uploads\/2017\/09\/logistica-sat-768x426.jpg 768w\" sizes=\"(max-width: 931px) 100vw, 931px\" \/><\/a>\n\t\t\t<\/div>\n\t\t\t\t<figcaption class='wp-caption-text gallery-caption' id='gallery-1-245'>\n\t\t\t\tLog\u00edstica Sat\n\t\t\t\t<\/figcaption><\/figure><figure class='gallery-item'>\n\t\t\t<div class='gallery-icon landscape'>\n\t\t\t\t<a href='https:\/\/www.nethelp.cl\/wp-content\/uploads\/2017\/09\/logistica-sat-2.jpg'><img loading=\"lazy\" decoding=\"async\" width=\"924\" height=\"548\" src=\"https:\/\/www.nethelp.cl\/wp-content\/uploads\/2017\/09\/logistica-sat-2.jpg\" class=\"attachment-large size-large\" alt=\"\" aria-describedby=\"gallery-1-243\" srcset=\"https:\/\/www.nethelp.cl\/wp-content\/uploads\/2017\/09\/logistica-sat-2.jpg 924w, https:\/\/www.nethelp.cl\/wp-content\/uploads\/2017\/09\/logistica-sat-2-300x178.jpg 300w, https:\/\/www.nethelp.cl\/wp-content\/uploads\/2017\/09\/logistica-sat-2-768x455.jpg 768w\" sizes=\"(max-width: 924px) 100vw, 924px\" \/><\/a>\n\t\t\t<\/div>\n\t\t\t\t<figcaption class='wp-caption-text gallery-caption' id='gallery-1-243'>\n\t\t\t\tLog\u00edstica Sat\n\t\t\t\t<\/figcaption><\/figure><figure class='gallery-item'>\n\t\t\t<div class='gallery-icon landscape'>\n\t\t\t\t<a href='https:\/\/www.nethelp.cl\/wp-content\/uploads\/2017\/09\/logistica-sat-3.jpg'><img loading=\"lazy\" decoding=\"async\" width=\"618\" height=\"313\" src=\"https:\/\/www.nethelp.cl\/wp-content\/uploads\/2017\/09\/logistica-sat-3.jpg\" class=\"attachment-large size-large\" alt=\"\" aria-describedby=\"gallery-1-244\" srcset=\"https:\/\/www.nethelp.cl\/wp-content\/uploads\/2017\/09\/logistica-sat-3.jpg 618w, https:\/\/www.nethelp.cl\/wp-content\/uploads\/2017\/09\/logistica-sat-3-300x152.jpg 300w\" sizes=\"(max-width: 618px) 100vw, 618px\" \/><\/a>\n\t\t\t<\/div>\n\t\t\t\t<figcaption class='wp-caption-text gallery-caption' id='gallery-1-244'>\n\t\t\t\tLog\u00edstica Sat\n\t\t\t\t<\/figcaption><\/figure><figure class='gallery-item'>\n\t\t\t<div class='gallery-icon landscape'>\n\t\t\t\t<a href='https:\/\/www.nethelp.cl\/wp-content\/uploads\/2017\/09\/control-de-flota-gps.jpg'><img loading=\"lazy\" decoding=\"async\" width=\"1000\" height=\"535\" src=\"https:\/\/www.nethelp.cl\/wp-content\/uploads\/2017\/09\/control-de-flota-gps.jpg\" class=\"attachment-large size-large\" alt=\"\" aria-describedby=\"gallery-1-239\" srcset=\"https:\/\/www.nethelp.cl\/wp-content\/uploads\/2017\/09\/control-de-flota-gps.jpg 1000w, https:\/\/www.nethelp.cl\/wp-content\/uploads\/2017\/09\/control-de-flota-gps-300x161.jpg 300w, https:\/\/www.nethelp.cl\/wp-content\/uploads\/2017\/09\/control-de-flota-gps-768x411.jpg 768w\" sizes=\"(max-width: 1000px) 100vw, 1000px\" \/><\/a>\n\t\t\t<\/div>\n\t\t\t\t<figcaption class='wp-caption-text gallery-caption' id='gallery-1-239'>\n\t\t\t\tControl de Flota GPS\n\t\t\t\t<\/figcaption><\/figure><figure class='gallery-item'>\n\t\t\t<div class='gallery-icon landscape'>\n\t\t\t\t<a href='https:\/\/www.nethelp.cl\/wp-content\/uploads\/2017\/09\/tracking-de-gps.jpg'><img loading=\"lazy\" decoding=\"async\" width=\"1000\" height=\"518\" src=\"https:\/\/www.nethelp.cl\/wp-content\/uploads\/2017\/09\/tracking-de-gps.jpg\" class=\"attachment-large size-large\" alt=\"\" aria-describedby=\"gallery-1-248\" srcset=\"https:\/\/www.nethelp.cl\/wp-content\/uploads\/2017\/09\/tracking-de-gps.jpg 1000w, https:\/\/www.nethelp.cl\/wp-content\/uploads\/2017\/09\/tracking-de-gps-300x155.jpg 300w, https:\/\/www.nethelp.cl\/wp-content\/uploads\/2017\/09\/tracking-de-gps-768x398.jpg 768w\" sizes=\"(max-width: 1000px) 100vw, 1000px\" \/><\/a>\n\t\t\t<\/div>\n\t\t\t\t<figcaption class='wp-caption-text gallery-caption' id='gallery-1-248'>\n\t\t\t\tTracking de GPS\n\t\t\t\t<\/figcaption><\/figure><figure class='gallery-item'>\n\t\t\t<div class='gallery-icon landscape'>\n\t\t\t\t<a href='https:\/\/www.nethelp.cl\/wp-content\/uploads\/2017\/09\/capturador-movimiento-bodega.jpg'><img loading=\"lazy\" decoding=\"async\" width=\"808\" height=\"600\" src=\"https:\/\/www.nethelp.cl\/wp-content\/uploads\/2017\/09\/capturador-movimiento-bodega.jpg\" class=\"attachment-large size-large\" alt=\"\" aria-describedby=\"gallery-1-238\" srcset=\"https:\/\/www.nethelp.cl\/wp-content\/uploads\/2017\/09\/capturador-movimiento-bodega.jpg 808w, https:\/\/www.nethelp.cl\/wp-content\/uploads\/2017\/09\/capturador-movimiento-bodega-300x223.jpg 300w, https:\/\/www.nethelp.cl\/wp-content\/uploads\/2017\/09\/capturador-movimiento-bodega-768x570.jpg 768w\" sizes=\"(max-width: 808px) 100vw, 808px\" \/><\/a>\n\t\t\t<\/div>\n\t\t\t\t<figcaption class='wp-caption-text gallery-caption' id='gallery-1-238'>\n\t\t\t\tCapturador de Movimiento de Bodega\n\t\t\t\t<\/figcaption><\/figure>\n\t\t<\/div>\n\n","protected":false},"excerpt":{"rendered":"<p>Sector Log\u00edstica NetHelp ofrece en el \u00e1mbito de la log\u00edstica soluciones para la planificaci\u00f3n, implementaci\u00f3n y control de flujo de la cadena de suministros, brindando un almacenamiento eficaz y eficiente de los bienes y servicios, otorgando adem\u00e1s informaci\u00f3n acerca de la trazabilidad de los productos. Nuestro objetivo principal es ayudar a colocar los bienes en [&hellip;]<\/p>\n","protected":false},"author":1,"featured_media":0,"parent":0,"menu_order":0,"comment_status":"closed","ping_status":"closed","template":"","meta":{"footnotes":""},"_links":{"self":[{"href":"https:\/\/www.nethelp.cl\/index.php?rest_route=\/wp\/v2\/pages\/230"}],"collection":[{"href":"https:\/\/www.nethelp.cl\/index.php?rest_route=\/wp\/v2\/pages"}],"about":[{"href":"https:\/\/www.nethelp.cl\/index.php?rest_route=\/wp\/v2\/types\/page"}],"author":[{"embeddable":true,"href":"https:\/\/www.nethelp.cl\/index.php?rest_route=\/wp\/v2\/users\/1"}],"replies":[{"embeddable":true,"href":"https:\/\/www.nethelp.cl\/index.php?rest_route=%2Fwp%2Fv2%2Fcomments&post=230"}],"version-history":[{"count":11,"href":"https:\/\/www.nethelp.cl\/index.php?rest_route=\/wp\/v2\/pages\/230\/revisions"}],"predecessor-version":[{"id":360,"href":"https:\/\/www.nethelp.cl\/index.php?rest_route=\/wp\/v2\/pages\/230\/revisions\/360"}],"wp:attachment":[{"href":"https:\/\/www.nethelp.cl\/index.php?rest_route=%2Fwp%2Fv2%2Fmedia&parent=230"}],"curies":[{"name":"wp","href":"https:\/\/api.w.org\/{rel}","templated":true}]}}